{"id":40,"date":"2023-10-08T11:38:11","date_gmt":"2023-10-08T09:38:11","guid":{"rendered":"https:\/\/eos-connect.fr\/index.php\/home\/"},"modified":"2024-05-12T18:06:37","modified_gmt":"2024-05-12T16:06:37","slug":"home","status":"publish","type":"page","link":"https:\/\/eos-connect.fr\/","title":{"rendered":"Qui sommes nous ?"},"content":{"rendered":"\n<p><\/p>\n\n\n\n<p>EOS CONNECT est une soci\u00e9t\u00e9 bas\u00e9e en Alsace depuis 2017, sp\u00e9cialis\u00e9e dans la suret\u00e9. <\/p>\n\n\n\n<p>L&rsquo;alarme intrusion, la vid\u00e9o surveillance, le contr\u00f4le d\u2019acc\u00e8s c&rsquo;est notre sp\u00e9cialit\u00e9, nous avons plus de 15 ans d&rsquo;exp\u00e9rience dans le domaine, nous avons \u00e9volu\u00e9 en m\u00eame temps que les technologies. De la petite \u00e0 la tr\u00e8s grande installation, du projet \u00e0 la reprise de syst\u00e8me existant, nous serons les bons interlocuteurs !<\/p>\n\n\n\n<p>Chacune de nos installations sont unique et faites sur mesure, nous nous adaptons \u00e0 vos besoins, votre budget, vos contraintes.&nbsp;<\/p>\n\n\n\n<p>Nous r\u00e9alisons \u00e9galement des raccordements de fibre optique, dans le cadre de liaisons informatiques priv\u00e9es.<\/p>\n\n\n\n<p><\/p>\n\n\n\n<p><\/p>\n\n\n<ul class=\"wp-block-latest-posts__list is-grid columns-3 wp-block-latest-posts\"><\/ul>","protected":false},"excerpt":{"rendered":"<p>EOS CONNECT est une soci\u00e9t\u00e9 bas\u00e9e en Alsace depuis 2017, sp\u00e9cialis\u00e9e dans la suret\u00e9. L&rsquo;alarme intrusion, la vid\u00e9o surveillance, le contr\u00f4le d\u2019acc\u00e8s c&rsquo;est notre sp\u00e9cialit\u00e9, nous avons plus de 15 ans d&rsquo;exp\u00e9rience dans le domaine, nous avons \u00e9volu\u00e9 en m\u00eame temps que les technologies. De la petite \u00e0 la tr\u00e8s grande installation, du projet \u00e0 [&hellip;]<\/p>\n","protected":false},"author":1,"featured_media":0,"parent":0,"menu_order":0,"comment_status":"closed","ping_status":"closed","template":"","meta":{"_themeisle_gutenberg_block_has_review":false,"footnotes":""},"class_list":["post-40","page","type-page","status-publish","hentry"],"_links":{"self":[{"href":"https:\/\/eos-connect.fr\/index.php\/wp-json\/wp\/v2\/pages\/40","targetHints":{"allow":["GET"]}}],"collection":[{"href":"https:\/\/eos-connect.fr\/index.php\/wp-json\/wp\/v2\/pages"}],"about":[{"href":"https:\/\/eos-connect.fr\/index.php\/wp-json\/wp\/v2\/types\/page"}],"author":[{"embeddable":true,"href":"https:\/\/eos-connect.fr\/index.php\/wp-json\/wp\/v2\/users\/1"}],"replies":[{"embeddable":true,"href":"https:\/\/eos-connect.fr\/index.php\/wp-json\/wp\/v2\/comments?post=40"}],"version-history":[{"count":14,"href":"https:\/\/eos-connect.fr\/index.php\/wp-json\/wp\/v2\/pages\/40\/revisions"}],"predecessor-version":[{"id":218,"href":"https:\/\/eos-connect.fr\/index.php\/wp-json\/wp\/v2\/pages\/40\/revisions\/218"}],"wp:attachment":[{"href":"https:\/\/eos-connect.fr\/index.php\/wp-json\/wp\/v2\/media?parent=40"}],"curies":[{"name":"wp","href":"https:\/\/api.w.org\/{rel}","templated":true}]}}