{"id":65,"date":"2024-02-17T11:01:31","date_gmt":"2024-02-17T10:01:31","guid":{"rendered":"https:\/\/eos-connect.fr\/?page_id=65"},"modified":"2024-05-12T17:05:03","modified_gmt":"2024-05-12T15:05:03","slug":"controle-dacces","status":"publish","type":"page","link":"https:\/\/eos-connect.fr\/index.php\/controle-dacces\/","title":{"rendered":"Contr\u00f4le d\u2019acc\u00e8s"},"content":{"rendered":"\n<p>Nous concevons pour nos clients des solutions cl\u00e9 en main de contr\u00f4le d\u2019acc\u00e8s. Nous vous accompagnons dans l&rsquo;\u00e9laboration de votre projet, peu importe sa taille ou sa complexit\u00e9, du simple lecteur de badge au lecteur biom\u00e9trique, de une \u00e0 plusieurs centaines de portes, d&rsquo;un syst\u00e8me autonome au superviseur nous avons une solution.<\/p>\n\n\n\n<p><\/p>\n\n\n\n<div class=\"wp-block-media-text is-stacked-on-mobile\"><figure class=\"wp-block-media-text__media\"><img loading=\"lazy\" decoding=\"async\" width=\"1024\" height=\"710\" src=\"https:\/\/eos-connect.fr\/wp-content\/uploads\/2024\/05\/20240308_092026-1024x710.jpg\" alt=\"\" class=\"wp-image-178 size-full\" srcset=\"https:\/\/eos-connect.fr\/wp-content\/uploads\/2024\/05\/20240308_092026-1024x710.jpg 1024w, https:\/\/eos-connect.fr\/wp-content\/uploads\/2024\/05\/20240308_092026-300x208.jpg 300w, https:\/\/eos-connect.fr\/wp-content\/uploads\/2024\/05\/20240308_092026-768x532.jpg 768w, https:\/\/eos-connect.fr\/wp-content\/uploads\/2024\/05\/20240308_092026-1536x1065.jpg 1536w, https:\/\/eos-connect.fr\/wp-content\/uploads\/2024\/05\/20240308_092026-2048x1420.jpg 2048w\" sizes=\"auto, (max-width: 1024px) 100vw, 1024px\" \/><\/figure><div class=\"wp-block-media-text__content\">\n<p><strong>LENEL S2<\/strong><\/p>\n\n\n\n<p>Nous sommes int\u00e9grateur en solution d\u2019acc\u00e8s, nous travaillons avec la plupart des fabricants, mais lorsqu&rsquo;il s&rsquo;agit de faire des int\u00e9grations ou des installations complexe nous privil\u00e9gions LENEL<\/p>\n\n\n\n<p><\/p>\n<\/div><\/div>\n\n\n\n<div id=\"wp-block-themeisle-blocks-slider-5e65e5e6\" class=\"wp-block-themeisle-blocks-slider glide\" data-per-view=\"1\" data-gap=\"0\" data-peek=\"0\" data-autoplay=\"true\" data-height=\"120px\" data-hide-arrows=\"true\"><div class=\"glide__track\" data-glide-el=\"track\"><div class=\"glide__slides\"><div class=\"wp-block-themeisle-blocks-slider-item-wrapper glide__slide\" tabindex=\"0\"><figure><img decoding=\"async\" class=\"wp-block-themeisle-blocks-slider-item\" src=\"http:\/\/eos-connect.fr\/wp-content\/uploads\/2024\/05\/Commend.png\" alt=\"\" title=\"\" data-id=\"177\"\/><\/figure><\/div><div class=\"wp-block-themeisle-blocks-slider-item-wrapper glide__slide\" tabindex=\"0\"><figure><img decoding=\"async\" class=\"wp-block-themeisle-blocks-slider-item\" src=\"http:\/\/eos-connect.fr\/wp-content\/uploads\/2024\/05\/2n.png\" alt=\"\" title=\"\" data-id=\"176\"\/><\/figure><\/div><div class=\"wp-block-themeisle-blocks-slider-item-wrapper glide__slide\" tabindex=\"0\"><figure><img decoding=\"async\" class=\"wp-block-themeisle-blocks-slider-item\" src=\"http:\/\/eos-connect.fr\/wp-content\/uploads\/2024\/05\/idemia.png\" alt=\"\" title=\"\" data-id=\"175\"\/><\/figure><\/div><div class=\"wp-block-themeisle-blocks-slider-item-wrapper glide__slide\" tabindex=\"0\"><figure><img decoding=\"async\" class=\"wp-block-themeisle-blocks-slider-item\" src=\"http:\/\/eos-connect.fr\/wp-content\/uploads\/2024\/05\/HID.png\" alt=\"\" title=\"\" data-id=\"174\"\/><\/figure><\/div><div class=\"wp-block-themeisle-blocks-slider-item-wrapper glide__slide\" tabindex=\"0\"><figure><img decoding=\"async\" class=\"wp-block-themeisle-blocks-slider-item\" src=\"http:\/\/eos-connect.fr\/wp-content\/uploads\/2024\/05\/LENEL.png\" alt=\"\" title=\"\" data-id=\"173\"\/><\/figure><\/div><\/div><div class=\"glide__bullets\" data-glide-el=\"controls[nav]\"><button class=\"glide__bullet\" data-glide-dir=\"=0\"><\/button><button class=\"glide__bullet\" data-glide-dir=\"=1\"><\/button><button class=\"glide__bullet\" data-glide-dir=\"=2\"><\/button><button class=\"glide__bullet\" data-glide-dir=\"=3\"><\/button><button class=\"glide__bullet\" data-glide-dir=\"=4\"><\/button><\/div><\/div><\/div>\n\n\n\n<div class=\"wp-block-media-text has-media-on-the-right is-stacked-on-mobile\"><div class=\"wp-block-media-text__content\">\n<p><strong>Interphonie<\/strong><\/p>\n\n\n\n<p>L&rsquo;interphonie fait partie \u00e0 part enti\u00e8re du contr\u00f4le d\u2019acc\u00e8s, nous avons choisi de travailler avec la marque 2N car les appareils de haute qualit\u00e9 peuvent int\u00e9grer un lecteur de badges. <\/p>\n\n\n\n<p>Pour les installations en milieu exigeant ou la communication est essentielle nous travaillons avec le fabricant Commend en raison de l&rsquo;exceptionnelle qualit\u00e9 audio des produits.<\/p>\n<\/div><figure class=\"wp-block-media-text__media\"><\/figure><\/div>\n\n\n\n<figure class=\"wp-block-gallery has-nested-images columns-default is-cropped wp-block-gallery-1 is-layout-flex wp-block-gallery-is-layout-flex\">\n<figure class=\"wp-block-image size-large\"><img loading=\"lazy\" decoding=\"async\" width=\"1024\" height=\"710\" data-id=\"178\" src=\"https:\/\/eos-connect.fr\/wp-content\/uploads\/2024\/05\/20240308_092026-1024x710.jpg\" alt=\"\" class=\"wp-image-178\" srcset=\"https:\/\/eos-connect.fr\/wp-content\/uploads\/2024\/05\/20240308_092026-1024x710.jpg 1024w, https:\/\/eos-connect.fr\/wp-content\/uploads\/2024\/05\/20240308_092026-300x208.jpg 300w, https:\/\/eos-connect.fr\/wp-content\/uploads\/2024\/05\/20240308_092026-768x532.jpg 768w, https:\/\/eos-connect.fr\/wp-content\/uploads\/2024\/05\/20240308_092026-1536x1065.jpg 1536w, https:\/\/eos-connect.fr\/wp-content\/uploads\/2024\/05\/20240308_092026-2048x1420.jpg 2048w\" sizes=\"auto, (max-width: 1024px) 100vw, 1024px\" \/><\/figure>\n<\/figure>\n","protected":false},"excerpt":{"rendered":"<p>Nous concevons pour nos clients des solutions cl\u00e9 en main de contr\u00f4le d\u2019acc\u00e8s. Nous vous accompagnons dans l&rsquo;\u00e9laboration de votre projet, peu importe sa taille ou sa complexit\u00e9, du simple lecteur de badge au lecteur biom\u00e9trique, de une \u00e0 plusieurs centaines de portes, d&rsquo;un syst\u00e8me autonome au superviseur nous avons une solution. LENEL S2 Nous [&hellip;]<\/p>\n","protected":false},"author":1,"featured_media":0,"parent":0,"menu_order":0,"comment_status":"closed","ping_status":"closed","template":"","meta":{"_themeisle_gutenberg_block_has_review":false,"footnotes":""},"class_list":["post-65","page","type-page","status-publish","hentry"],"_links":{"self":[{"href":"https:\/\/eos-connect.fr\/index.php\/wp-json\/wp\/v2\/pages\/65","targetHints":{"allow":["GET"]}}],"collection":[{"href":"https:\/\/eos-connect.fr\/index.php\/wp-json\/wp\/v2\/pages"}],"about":[{"href":"https:\/\/eos-connect.fr\/index.php\/wp-json\/wp\/v2\/types\/page"}],"author":[{"embeddable":true,"href":"https:\/\/eos-connect.fr\/index.php\/wp-json\/wp\/v2\/users\/1"}],"replies":[{"embeddable":true,"href":"https:\/\/eos-connect.fr\/index.php\/wp-json\/wp\/v2\/comments?post=65"}],"version-history":[{"count":6,"href":"https:\/\/eos-connect.fr\/index.php\/wp-json\/wp\/v2\/pages\/65\/revisions"}],"predecessor-version":[{"id":195,"href":"https:\/\/eos-connect.fr\/index.php\/wp-json\/wp\/v2\/pages\/65\/revisions\/195"}],"wp:attachment":[{"href":"https:\/\/eos-connect.fr\/index.php\/wp-json\/wp\/v2\/media?parent=65"}],"curies":[{"name":"wp","href":"https:\/\/api.w.org\/{rel}","templated":true}]}}