{"id":67,"date":"2024-02-17T11:07:30","date_gmt":"2024-02-17T10:07:30","guid":{"rendered":"https:\/\/eos-connect.fr\/?page_id=67"},"modified":"2024-10-12T15:51:42","modified_gmt":"2024-10-12T13:51:42","slug":"alarme-intrusion","status":"publish","type":"page","link":"https:\/\/eos-connect.fr\/index.php\/alarme-intrusion\/","title":{"rendered":"Alarme Intrusion"},"content":{"rendered":"\n<p>EOS CONNECT installe des syst\u00e8mes de d\u00e9tection intrusion pour les professionnels et les particuliers. Nous sommes partenaire de plusieurs marques afin de couvrir l&rsquo;ensemble des besoins<\/p>\n\n\n\n<p><\/p>\n\n\n\n<div id=\"wp-block-themeisle-blocks-slider-e3bcd7b5\" class=\"wp-block-themeisle-blocks-slider glide\" data-per-view=\"1\" data-gap=\"0\" data-peek=\"0\" data-autoplay=\"true\" data-height=\"50px\" data-hide-arrows=\"true\"><div class=\"glide__track\" data-glide-el=\"track\"><div class=\"glide__slides\"><div class=\"wp-block-themeisle-blocks-slider-item-wrapper glide__slide\" tabindex=\"0\"><figure><img decoding=\"async\" class=\"wp-block-themeisle-blocks-slider-item\" src=\"http:\/\/eos-connect.fr\/wp-content\/uploads\/2024\/05\/logo-vanderbilt.png\" alt=\"\" title=\"\" data-id=\"165\"\/><\/figure><\/div><div class=\"wp-block-themeisle-blocks-slider-item-wrapper glide__slide\" tabindex=\"0\"><figure><img decoding=\"async\" class=\"wp-block-themeisle-blocks-slider-item\" src=\"http:\/\/eos-connect.fr\/wp-content\/uploads\/2024\/05\/logo-ajax.png\" alt=\"\" title=\"\" data-id=\"166\"\/><\/figure><\/div><div class=\"wp-block-themeisle-blocks-slider-item-wrapper glide__slide\" tabindex=\"0\"><figure><img decoding=\"async\" class=\"wp-block-themeisle-blocks-slider-item\" src=\"http:\/\/eos-connect.fr\/wp-content\/uploads\/2024\/05\/aritech.png\" alt=\"\" title=\"\" data-id=\"167\"\/><\/figure><\/div><\/div><div class=\"glide__bullets\" data-glide-el=\"controls[nav]\"><button class=\"glide__bullet\" data-glide-dir=\"=0\"><\/button><button class=\"glide__bullet\" data-glide-dir=\"=1\"><\/button><button class=\"glide__bullet\" data-glide-dir=\"=2\"><\/button><\/div><\/div><\/div>\n\n\n\n<p><\/p>\n\n\n\n<div class=\"wp-block-media-text is-stacked-on-mobile\"><figure class=\"wp-block-media-text__media\"><img loading=\"lazy\" decoding=\"async\" width=\"320\" height=\"240\" src=\"https:\/\/eos-connect.fr\/wp-content\/uploads\/2024\/05\/Ajax.png\" alt=\"\" class=\"wp-image-161 size-full\" srcset=\"https:\/\/eos-connect.fr\/wp-content\/uploads\/2024\/05\/Ajax.png 320w, https:\/\/eos-connect.fr\/wp-content\/uploads\/2024\/05\/Ajax-300x225.png 300w\" sizes=\"auto, (max-width: 320px) 100vw, 320px\" \/><\/figure><div class=\"wp-block-media-text__content\">\n<p><strong>Alarme Sans Fils \u00e0 destination des particuliers et des petits sites tertiaire<\/strong>s<\/p>\n\n\n\n<p>La Gamme AJAX est une solution sans fils particuli\u00e8rement adapt\u00e9e en raison de sa simplicit\u00e9 de fonctionnement qui peut \u00eatre g\u00e9r\u00e9e exclusivement au smartphone.<\/p>\n\n\n\n<p><\/p>\n<\/div><\/div>\n\n\n\n<p><\/p>\n\n\n\n<div class=\"wp-block-media-text has-media-on-the-right is-stacked-on-mobile\"><div class=\"wp-block-media-text__content\">\n<p><strong>Alarme Filaire de 8 \u00e0 512 points<\/strong><\/p>\n\n\n\n<p>Pour les sites plus grand nous travaillons avec plusieurs marques de centrale filaire, en fonction du parc existant et du besoin en capacit\u00e9, nous savons s\u00e9lectionner et adapter un produit a vos besoins.<\/p>\n<\/div><figure class=\"wp-block-media-text__media\"><img loading=\"lazy\" decoding=\"async\" width=\"320\" height=\"240\" src=\"https:\/\/eos-connect.fr\/wp-content\/uploads\/2024\/05\/Vanderbilt.jpg\" alt=\"\" class=\"wp-image-162 size-full\" srcset=\"https:\/\/eos-connect.fr\/wp-content\/uploads\/2024\/05\/Vanderbilt.jpg 320w, https:\/\/eos-connect.fr\/wp-content\/uploads\/2024\/05\/Vanderbilt-300x225.jpg 300w\" sizes=\"auto, (max-width: 320px) 100vw, 320px\" \/><\/figure><\/div>\n\n\n\n<p><\/p>\n\n\n\n<p><strong>Les moyens de d\u00e9tections:<\/strong><\/p>\n\n\n\n<p>Afin de limiter les alarmes intempestives, nous utilisons majoritairement des d\u00e9tecteurs volum\u00e9triques a double technologie. Nous adaptons \u00e9galement le capteur au besoin en respectant les principes de l&rsquo;APSAD.<\/p>\n\n\n\n<p>Dans certains cas, lorsque l\u2019environnement est tr\u00e8s contraignant nous utilisons en compl\u00e9ment de la d\u00e9tection p\u00e9rim\u00e9trique, des cam\u00e9ras avec fonction analytique afin de ne d\u00e9tecter que de la pr\u00e9sence humaine et de filtrer les d\u00e9clenchements dus \u00e0 des mouvements d&rsquo;objets.<\/p>\n\n\n\n<p><strong>Transmission:<\/strong><\/p>\n\n\n\n<p>Toutes les solutions de d\u00e9tection d&rsquo;intrusion que nous proposons peuvent \u00eatre reli\u00e9es chez le t\u00e9l\u00e9surveilleur de votre choix et\/ou transmettre les \u00e9v\u00e9nements sous forme de notification directement sur votre smartphone.<\/p>\n\n\n\n<p><\/p>\n\n\n\n<p><\/p>\n","protected":false},"excerpt":{"rendered":"<p>EOS CONNECT installe des syst\u00e8mes de d\u00e9tection intrusion pour les professionnels et les particuliers. Nous sommes partenaire de plusieurs marques afin de couvrir l&rsquo;ensemble des besoins Alarme Sans Fils \u00e0 destination des particuliers et des petits sites tertiaires La Gamme AJAX est une solution sans fils particuli\u00e8rement adapt\u00e9e en raison de sa simplicit\u00e9 de fonctionnement [&hellip;]<\/p>\n","protected":false},"author":1,"featured_media":0,"parent":0,"menu_order":0,"comment_status":"closed","ping_status":"closed","template":"","meta":{"_themeisle_gutenberg_block_has_review":false,"footnotes":""},"class_list":["post-67","page","type-page","status-publish","hentry"],"_links":{"self":[{"href":"https:\/\/eos-connect.fr\/index.php\/wp-json\/wp\/v2\/pages\/67","targetHints":{"allow":["GET"]}}],"collection":[{"href":"https:\/\/eos-connect.fr\/index.php\/wp-json\/wp\/v2\/pages"}],"about":[{"href":"https:\/\/eos-connect.fr\/index.php\/wp-json\/wp\/v2\/types\/page"}],"author":[{"embeddable":true,"href":"https:\/\/eos-connect.fr\/index.php\/wp-json\/wp\/v2\/users\/1"}],"replies":[{"embeddable":true,"href":"https:\/\/eos-connect.fr\/index.php\/wp-json\/wp\/v2\/comments?post=67"}],"version-history":[{"count":16,"href":"https:\/\/eos-connect.fr\/index.php\/wp-json\/wp\/v2\/pages\/67\/revisions"}],"predecessor-version":[{"id":236,"href":"https:\/\/eos-connect.fr\/index.php\/wp-json\/wp\/v2\/pages\/67\/revisions\/236"}],"wp:attachment":[{"href":"https:\/\/eos-connect.fr\/index.php\/wp-json\/wp\/v2\/media?parent=67"}],"curies":[{"name":"wp","href":"https:\/\/api.w.org\/{rel}","templated":true}]}}